{"id":1378,"date":"2023-09-12T18:26:35","date_gmt":"2023-09-12T23:26:35","guid":{"rendered":"https:\/\/inkarricusco.com\/?page_id=1378"},"modified":"2023-12-18T12:32:54","modified_gmt":"2023-12-18T17:32:54","slug":"politicas-de-alojamiento","status":"publish","type":"page","link":"https:\/\/inkarricusco.com\/es\/politicas-de-alojamiento\/","title":{"rendered":"Politicas de Alojamiento"},"content":{"rendered":"\t\t<div data-elementor-type=\"wp-page\" data-elementor-id=\"1378\" class=\"elementor elementor-1378 elementor-420\" data-elementor-post-type=\"page\">\n\t\t\t\t<div class=\"elementor-element elementor-element-289d25b e-flex e-con-boxed e-con e-parent\" data-id=\"289d25b\" data-element_type=\"container\" data-e-type=\"container\">\n\t\t\t\t\t<div class=\"e-con-inner\">\n\t\t<div class=\"elementor-element elementor-element-ffbc72d e-flex e-con-boxed e-con e-child\" data-id=\"ffbc72d\" data-element_type=\"container\" data-e-type=\"container\">\n\t\t\t\t\t<div class=\"e-con-inner\">\n\t\t\t\t<div class=\"elementor-element elementor-element-0d5967b elementor-widget elementor-widget-heading\" data-id=\"0d5967b\" data-element_type=\"widget\" data-e-type=\"widget\" data-widget_type=\"heading.default\">\n\t\t\t\t<div class=\"elementor-widget-container\">\n\t\t\t\t\t<h1 class=\"elementor-heading-title elementor-size-default\">POLITICAS DE ALOJAMIENTO QORITEL<\/h1>\t\t\t\t<\/div>\n\t\t\t\t<\/div>\n\t\t\t\t\t<\/div>\n\t\t\t\t<\/div>\n\t\t\t\t\t<\/div>\n\t\t\t\t<\/div>\n\t\t<div class=\"elementor-element elementor-element-5a0f4b5 e-flex e-con-boxed e-con e-parent\" data-id=\"5a0f4b5\" data-element_type=\"container\" data-e-type=\"container\">\n\t\t\t\t\t<div class=\"e-con-inner\">\n\t\t\t\t<div class=\"elementor-element elementor-element-5879088 elementor-widget__width-initial elementor-widget elementor-widget-text-editor\" data-id=\"5879088\" data-element_type=\"widget\" data-e-type=\"widget\" data-widget_type=\"text-editor.default\">\n\t\t\t\t<div class=\"elementor-widget-container\">\n\t\t\t\t\t\t\t\t\t<p>Aplicable a ventas directas &#8211; B2C (empresa a consumidor)<\/p><p>El presente reglamento tiene por finalidad exponer las pol\u00edticas, los principios y las normas que representan a QORITEL en sus establecimientos de hospedaje, estos se proponen para un mejor entendimiento entre la empresa y los clientes directos.<\/p><p>A continuaci\u00f3n, se detallan las pol\u00edticas, t\u00e9rminos y condiciones para los hoteles y departamentos de Airbnb:<\/p><p><strong>1 &#8211; LAS RESERVAS:<\/strong><\/p><p>Toda solicitud y disponibilidad podr\u00e1 ser realizada a trav\u00e9s de nuestra central de reservas al e-mail <a href=\"mailto:info@inkarricusco.com\">info@inkarricusco.com<\/a>,\u00a0 tel\u00e9fono, con la ejecutiva de reservas o con el mismo recepcionista in situ. Las mismas que ser\u00e1n respondidas en un plazo m\u00e1ximo de 24 horas por la misma v\u00eda, indicando tarifa, fecha de llegada y salida, estado de reserva y fecha l\u00edmite de pago o reconfirmaci\u00f3n. Toda confirmaci\u00f3n debe ser hecha a trav\u00e9s del correo electr\u00f3nico para asegurar que la informaci\u00f3n no se pierda y la tengamos todas las \u00e1reas involucradas.<\/p><p>*Pol\u00edtica de Reservas y Pagos:*<\/p><p>-Las reservas pueden ser solicitada en l\u00ednea a trav\u00e9s de nuestro sitio web o por tel\u00e9fono. Pero deben ser confirmadas siempre por correo electr\u00f3nico.<\/p><p>&#8211; Se requerir\u00e1 un dep\u00f3sito de al menos el 50% al realizar la reserva, y el saldo restante se pagar\u00e1 al momento del check-in. En caso de que desee pagar el total, se le enviara su factura anticipada.<\/p><p>&#8211; Aceptamos tarjetas de cr\u00e9dito, trasferencias bancarias y efectivo para los pagos en soles o d\u00f3lares.<\/p><p><strong>2 \u2013 HORARIOS DE CHECK IN \u2013 CHECK OUT:<\/strong><\/p><p>Los horarios est\u00e1n ya establecidos, sin embargo, en caso de que se tengan las habitaciones o departamentos listos antes de la hora proporcionada y seg\u00fan la disponibilidad del d\u00eda, podr\u00edamos ofrecerles un early check in o late check out.<\/p><p>*Pol\u00edtica de Check-in y Check-out:*<\/p><p>&#8211; Check-in comienza a las 12:00 horas<\/p><p>&#8211; Check-out debe completarse hasta las 10:00 horas.<\/p><p>Ofrecemos check-in temprano y check-out tard\u00edo sujeto a disponibilidad, con cargos adicionales:<\/p><ul><li aria-level=\"1\">Early check in: 20 d\u00f3lares (sujeto a disponibilidad y de pendiendo la hora)<\/li><li aria-level=\"1\">Late check out: 20 d\u00f3lares (sujeto a disponibilidad y de pendiendo la hora)<\/li><li aria-level=\"1\">DAY USE: mitad de la tarifa reservada. Se aplicar\u00e1 tarifa Day Use por una permanencia de 6 horas a m\u00e1s. esta tarifa no incluye desayuno.<\/li><\/ul><p><strong>3 &#8211; CANCELACIONES, ANULACIONES, DEVOLUCIONES Y NO-SHOWS:<\/strong><\/p><p>*POLITICA DE CANCELACION:<\/p><p>-Las cancelaciones realizadas 48 horas o m\u00e1s antes del check-in no incurrir\u00e1n en cargos.<\/p><p>-Las cancelaciones realizadas dentro de las 48 horas del check-in resultar\u00e1n en la retenci\u00f3n del 50% del dep\u00f3sito realizado.<\/p><p>-Las reservas que no se presenten en el hotel y no hayan sido comunicadas ser\u00e1n procesadas como no show al 100%<\/p><p>*GRUPOS: Las cancelaciones de grupos deben ser solicitadas hasta 07 d\u00edas antes de su llegada<\/p><p>*ANULACIONES: Se dar\u00e1 por anulada una reserva confirmada (aun no pagada), siempre y cuando se tenga la autorizaci\u00f3n de anulaci\u00f3n por nuestro departamento de reservas o a solicitud de la gerencia.<\/p><p>*NO SHOW: Se proceder\u00e1 con el No show, cobrando la penalidad del 100% de la tarifa pactada por la totalidad de las noches reconfirmadas.<\/p><p>*DEVOLUCIONES\/ SALDO A FAVOR \/ REPROGRAMACION:\u00a0 este punto solo se efectuar\u00e1 en caso se compruebe que el pasajero tuvo un motivo de fuerza mayor, enfermedad, etc. Sera previamente evaluado y autorizado por el \u00e1rea de reservas.<\/p><p><strong>4 &#8211; DE LA POL\u00cdTICA DE NI\u00d1OS<\/strong><\/p><p>No se cobrar\u00e1 tarifa de alojamiento a los ni\u00f1os menores de 6 a\u00f1os, siempre y cuando compartan la habitaci\u00f3n con sus padres y no soliciten cama adicional. Se permitir\u00e1 un m\u00e1ximo de un ni\u00f1o liberado de pago por habitaci\u00f3n. Se cobrar\u00e1 tarifa de desayuno por cada ni\u00f1o, que corresponder\u00e1 a S\/ 20 soles.<\/p><p><strong>5 -DESAYUNOS, ALMUERZOS Y CENAS:<\/strong><\/p><p>&#8211; Hoteles: Los desayunos en los hoteles est\u00e1n incluidos y se sirven de 6:00 am \u2013 10: am \/\/ el precio por desayuno adicional es de S\/ 20.00 por invitado\/persona.<\/p><p>&#8211; AIRBNB: Los desayuno para las reservas AIRBNB no est\u00e1n incluido, pero podemos brindarle el servicio a S\/ 15.00 Soles (descuento especial)<\/p><p>&#8211; Los pasajeros hospedados en los Airbnb y hoteles tendr\u00e1n el 20% de descuento en nuestros restaurantes: Artisano y el Patio.<\/p><p>&#8211; Las reservas en los restaurantes deben ser hechas en la recepci\u00f3n o a trav\u00e9s de la central telef\u00f3nica\/ celular para que podamos informar el descuento ofrecido.<\/p><p><strong>6 -PAGOS: DEPOSITO A NOMBRE DE QORITEL SAC:<\/strong><\/p><p>Los pagos deben ser realizado con anticipaci\u00f3n o de manera directa en la recepci\u00f3n (dependiendo la cercan\u00eda de su estad\u00eda). En caso, la estad\u00eda sea lejana deben prepagar la reserva con un 50% abonando a las cuentas bancarias seg\u00fan corresponda. Una vez realizado el pago deben enviarnos el comprobante de pago al correo electr\u00f3nico, de esa manera su reserva estar\u00e1 asegurada.<\/p><p>POLITICA DE MASCOTAS<\/p><p>&#8211; Aceptamos mascotas en nuestras habitaciones designadas para mascotas.<\/p><p>POLITICA DE NO FUMADOR<\/p><p>&#8211; Todas nuestras habitaciones y departamentos son NO fumadores, solo pueden fumar en \u00e1reas externas y patios.<\/p><p>&#8211; Se aplicar\u00e1n multas por fumar en las habitaciones o \u00e1reas designadas como no fumadores.<\/p><p>POLITICAS DE RUIDO \/ LICOR \/ FIESTAS:<\/p><p>&#8211; Se debe respetar el horario de silencio entre las 22:00 y las 08:00 horas.<\/p><p>&#8211; Mantener el volumen de la m\u00fasica y la televisi\u00f3n a un nivel razonable para no molestar a otros hu\u00e9spedes.<\/p><p>-Se proh\u00edbe las reuniones o fiestas e invitaci\u00f3n a terceras personas que no se encuentren alojadas con nosotros, las visitas deben ser registradas durante el d\u00eda.<\/p><p>Atentamente,<\/p><p><strong>QORITEL SAC\u00a0<\/strong><\/p><p>HOTEL INKARRI CUSCO \u2013 HOTEL INKARRI REGOCIJO BOUTIQUE \u2013 AIRBNB WARA Y ELSIE<\/p>\t\t\t\t\t\t\t\t<\/div>\n\t\t\t\t<\/div>\n\t\t\t\t\t<\/div>\n\t\t\t\t<\/div>\n\t\t\t\t<\/div>\n\t\t","protected":false},"excerpt":{"rendered":"<p>POLITICAS DE ALOJAMIENTO QORITEL Aplicable a ventas directas &#8211; B2C (empresa a consumidor) El presente reglamento tiene por finalidad exponer las pol\u00edticas, los principios y las normas que representan a QORITEL en sus establecimientos de hospedaje, estos se proponen para un mejor entendimiento entre la empresa y los clientes directos. A continuaci\u00f3n, se detallan las [&hellip;]<\/p>\n","protected":false},"author":1,"featured_media":0,"parent":0,"menu_order":0,"comment_status":"closed","ping_status":"closed","template":"","meta":{"footnotes":""},"class_list":["post-1378","page","type-page","status-publish","hentry"],"_links":{"self":[{"href":"https:\/\/inkarricusco.com\/es\/wp-json\/wp\/v2\/pages\/1378","targetHints":{"allow":["GET"]}}],"collection":[{"href":"https:\/\/inkarricusco.com\/es\/wp-json\/wp\/v2\/pages"}],"about":[{"href":"https:\/\/inkarricusco.com\/es\/wp-json\/wp\/v2\/types\/page"}],"author":[{"embeddable":true,"href":"https:\/\/inkarricusco.com\/es\/wp-json\/wp\/v2\/users\/1"}],"replies":[{"embeddable":true,"href":"https:\/\/inkarricusco.com\/es\/wp-json\/wp\/v2\/comments?post=1378"}],"version-history":[{"count":4,"href":"https:\/\/inkarricusco.com\/es\/wp-json\/wp\/v2\/pages\/1378\/revisions"}],"predecessor-version":[{"id":1388,"href":"https:\/\/inkarricusco.com\/es\/wp-json\/wp\/v2\/pages\/1378\/revisions\/1388"}],"wp:attachment":[{"href":"https:\/\/inkarricusco.com\/es\/wp-json\/wp\/v2\/media?parent=1378"}],"curies":[{"name":"wp","href":"https:\/\/api.w.org\/{rel}","templated":true}]}}