{"id":1366,"date":"2023-09-12T18:28:41","date_gmt":"2023-09-12T23:28:41","guid":{"rendered":"https:\/\/inkarricusco.com\/?page_id=1366"},"modified":"2024-06-10T12:07:45","modified_gmt":"2024-06-10T17:07:45","slug":"reglamento-de-mascotas","status":"publish","type":"page","link":"https:\/\/inkarricusco.com\/es\/reglamento-de-mascotas\/","title":{"rendered":"Reglamento de mascotas"},"content":{"rendered":"\t\t<div data-elementor-type=\"wp-page\" data-elementor-id=\"1366\" class=\"elementor elementor-1366 elementor-424\" data-elementor-post-type=\"page\">\n\t\t\t\t<div class=\"elementor-element elementor-element-b241cec e-flex e-con-boxed e-con e-parent\" data-id=\"b241cec\" data-element_type=\"container\" data-e-type=\"container\">\n\t\t\t\t\t<div class=\"e-con-inner\">\n\t\t<div class=\"elementor-element elementor-element-f6bbc8e e-flex e-con-boxed e-con e-child\" data-id=\"f6bbc8e\" data-element_type=\"container\" data-e-type=\"container\">\n\t\t\t\t\t<div class=\"e-con-inner\">\n\t\t\t\t<div class=\"elementor-element elementor-element-1d4478b elementor-widget elementor-widget-heading\" data-id=\"1d4478b\" data-element_type=\"widget\" data-e-type=\"widget\" data-widget_type=\"heading.default\">\n\t\t\t\t<div class=\"elementor-widget-container\">\n\t\t\t\t\t<h1 class=\"elementor-heading-title elementor-size-default\">Reglamento de mascotas<\/h1>\t\t\t\t<\/div>\n\t\t\t\t<\/div>\n\t\t\t\t\t<\/div>\n\t\t\t\t<\/div>\n\t\t\t\t\t<\/div>\n\t\t\t\t<\/div>\n\t\t<div class=\"elementor-element elementor-element-f5466da e-flex e-con-boxed e-con e-parent\" data-id=\"f5466da\" data-element_type=\"container\" data-e-type=\"container\">\n\t\t\t\t\t<div class=\"e-con-inner\">\n\t\t\t\t<div class=\"elementor-element elementor-element-5b16752 elementor-widget__width-initial elementor-widget elementor-widget-text-editor\" data-id=\"5b16752\" data-element_type=\"widget\" data-e-type=\"widget\" data-widget_type=\"text-editor.default\">\n\t\t\t\t<div class=\"elementor-widget-container\">\n\t\t\t\t\t\t\t\t\t<ol>\n<li><span style=\"font-weight: 400;\"> Costo por noche $20.00 (Se tomar\u00e1 el tipo de cambio del d\u00eda)<\/span><\/li>\n<li><span style=\"font-weight: 400;\"> Al check in se har\u00e1 un recorrido con el hu\u00e9sped a la habitaci\u00f3n asignada para revisar el mobiliario y firmar este reglamento, al check out se realizar\u00e1 la misma revisi\u00f3n para verificar que no existe alg\u00fan da\u00f1o.&nbsp;<\/span><\/li>\n<li><span style=\"font-weight: 400;\"> La mascota debe estar acompa\u00f1ada por su due\u00f1o durante toda la estancia y no puede permanecer sola dentro de la habitaci\u00f3n mientras se realice el servicio de Limpieza. \u2022 Si el hu\u00e9sped deja a su mascota sola dentro de la habitaci\u00f3n, esta deber\u00e1 permanecer dentro de su jaula transportadora.<\/span><\/li>\n<li><span style=\"font-weight: 400;\"> Cualquier da\u00f1o ocasionado por la mascota, ser\u00e1 responsabilidad del propietario, quien tendr\u00e1 la obligaci\u00f3n de cubrir los gastos o reparaci\u00f3n de da\u00f1os resultantes.<\/span><\/li>\n<li><span style=\"font-weight: 400;\"> Es deber del due\u00f1o evitar que la mascota haga ruido o que perturbe o da\u00f1e el bienestar de otros hu\u00e9spedes y\/o empleados.&nbsp;<\/span><\/li>\n<li><span style=\"font-weight: 400;\"> El hu\u00e9sped deber\u00e1 traer consigo art\u00edculos de higiene y limpieza de la mascota.&nbsp;<\/span>&nbsp;<\/li>\n<li><span style=\"font-weight: 400;\"> No est\u00e1 permitido el uso del ba\u00f1o de la habitaci\u00f3n para las mascotas.<\/span><\/li>\n<li><span style=\"font-weight: 400;\"> No est\u00e1 permitido usar los blancos (ropa de cama y toallas) para limpieza de las mascotas, de lo contrario se generar\u00e1 un cargo extra.&nbsp;<\/span><\/li>\n<li><span style=\"font-weight: 400;\"> Durante la estancia se permitir\u00e1 una mascota que pese hasta 20 kg.&nbsp;<\/span><\/li>\n<li><span style=\"font-weight: 400;\"> Los hu\u00e9spedes podr\u00e1n alojar a sus mascotas dentro de su habitaci\u00f3n.<\/span><\/li>\n<li><span style=\"font-weight: 400;\"> En cada habitaci\u00f3n se proveer\u00e1 de cama para mascota y platitos.<\/span><\/li>\n<li><span style=\"font-weight: 400;\"> Al salir la mascota a las \u00e1reas p\u00fablicas siempre deber\u00e1 estar bajo cuidado de su propietario y no deber\u00e1 ser dejada en este sitio sin ser supervisada.<\/span><\/li>\n<\/ol>\n<p><span style=\"font-weight: 400;\">&nbsp;Nota 1: El Hotel se reserva el derecho de autorizar la permanencia a cualquier mascota, si determina que existe alg\u00fan riesgo para otros hu\u00e9spedes, empleados u otras mascotas. <\/span><\/p>\n<p><span style=\"font-weight: 400;\">&nbsp;Nota 2: <\/span>El Hotel se reserva el derecho de negarse a aceptar el alojamiento del cliente y su mascota si uno o m\u00e1s de los puntos contenidos en este reglamento no se cumplen.<\/p>\n<p><span style=\"font-weight: 400;\">&nbsp;Nota 3: <\/span>El Hotel no se responsabilizar\u00e1 por lesiones, accidentes, muertes, etc. que ocurran por razones ajenas dentro de las instalaciones. Del mismo modo, el Hotel se exime de cualquier responsabilidad por cualquier conflicto o problema que pueda ocurrir entre los hu\u00e9spedes y que pueda haber sido causado por la presencia de las mascotas.<\/p>\n<p style=\"text-align: center;\"><span style=\"font-weight: 400;\">_______________________<\/span><\/p>\n<p style=\"text-align: center;\"><span style=\"font-weight: 400;\">Nombre y firma del Hu\u00e9sped<\/span><\/p>\t\t\t\t\t\t\t\t<\/div>\n\t\t\t\t<\/div>\n\t\t\t\t\t<\/div>\n\t\t\t\t<\/div>\n\t\t\t\t<\/div>\n\t\t","protected":false},"excerpt":{"rendered":"<p>Reglamento de mascotas Costo por noche $20.00 (Se tomar\u00e1 el tipo de cambio del d\u00eda) Al check in se har\u00e1 un recorrido con el hu\u00e9sped a la habitaci\u00f3n asignada para revisar el mobiliario y firmar este reglamento, al check out se realizar\u00e1 la misma revisi\u00f3n para verificar que no existe alg\u00fan da\u00f1o.&nbsp; La mascota debe [&hellip;]<\/p>\n","protected":false},"author":1,"featured_media":0,"parent":0,"menu_order":0,"comment_status":"closed","ping_status":"closed","template":"","meta":{"footnotes":""},"class_list":["post-1366","page","type-page","status-publish","hentry"],"_links":{"self":[{"href":"https:\/\/inkarricusco.com\/es\/wp-json\/wp\/v2\/pages\/1366","targetHints":{"allow":["GET"]}}],"collection":[{"href":"https:\/\/inkarricusco.com\/es\/wp-json\/wp\/v2\/pages"}],"about":[{"href":"https:\/\/inkarricusco.com\/es\/wp-json\/wp\/v2\/types\/page"}],"author":[{"embeddable":true,"href":"https:\/\/inkarricusco.com\/es\/wp-json\/wp\/v2\/users\/1"}],"replies":[{"embeddable":true,"href":"https:\/\/inkarricusco.com\/es\/wp-json\/wp\/v2\/comments?post=1366"}],"version-history":[{"count":10,"href":"https:\/\/inkarricusco.com\/es\/wp-json\/wp\/v2\/pages\/1366\/revisions"}],"predecessor-version":[{"id":1483,"href":"https:\/\/inkarricusco.com\/es\/wp-json\/wp\/v2\/pages\/1366\/revisions\/1483"}],"wp:attachment":[{"href":"https:\/\/inkarricusco.com\/es\/wp-json\/wp\/v2\/media?parent=1366"}],"curies":[{"name":"wp","href":"https:\/\/api.w.org\/{rel}","templated":true}]}}