{"id":1361,"date":"2023-08-31T06:54:04","date_gmt":"2023-08-31T11:54:04","guid":{"rendered":"https:\/\/inkarricusco.com\/?page_id=1361"},"modified":"2023-12-18T12:21:13","modified_gmt":"2023-12-18T17:21:13","slug":"promociones","status":"publish","type":"page","link":"https:\/\/inkarricusco.com\/es\/promociones\/","title":{"rendered":"Promociones"},"content":{"rendered":"\t\t<div data-elementor-type=\"wp-page\" data-elementor-id=\"1361\" class=\"elementor elementor-1361 elementor-158\" data-elementor-post-type=\"page\">\n\t\t\t\t<div class=\"elementor-element elementor-element-cb834e6 e-flex e-con-boxed e-con e-parent\" data-id=\"cb834e6\" data-element_type=\"container\" data-e-type=\"container\">\n\t\t\t\t\t<div class=\"e-con-inner\">\n\t\t<div class=\"elementor-element elementor-element-8c4f0d1 e-flex e-con-boxed e-con e-child\" data-id=\"8c4f0d1\" data-element_type=\"container\" data-e-type=\"container\">\n\t\t\t\t\t<div class=\"e-con-inner\">\n\t\t\t\t<div class=\"elementor-element elementor-element-fc7c898 elementor-widget elementor-widget-heading\" data-id=\"fc7c898\" data-element_type=\"widget\" data-e-type=\"widget\" data-widget_type=\"heading.default\">\n\t\t\t\t<div class=\"elementor-widget-container\">\n\t\t\t\t\t<h1 class=\"elementor-heading-title elementor-size-default\">PROMOCIONES<\/h1>\t\t\t\t<\/div>\n\t\t\t\t<\/div>\n\t\t\t\t\t<\/div>\n\t\t\t\t<\/div>\n\t\t\t\t\t<\/div>\n\t\t\t\t<\/div>\n\t\t<div class=\"elementor-element elementor-element-2077356 e-flex e-con-boxed e-con e-parent\" data-id=\"2077356\" data-element_type=\"container\" data-e-type=\"container\">\n\t\t\t\t\t<div class=\"e-con-inner\">\n\t\t<div class=\"elementor-element elementor-element-440be18 e-con-full e-flex e-con e-child\" data-id=\"440be18\" data-element_type=\"container\" data-e-type=\"container\">\n\t\t\t\t<div class=\"elementor-element elementor-element-35904fd e-transform elementor-widget elementor-widget-image\" data-id=\"35904fd\" data-element_type=\"widget\" data-e-type=\"widget\" data-settings=\"{&quot;_transform_scale_effect_hover&quot;:{&quot;unit&quot;:&quot;px&quot;,&quot;size&quot;:1.100000000000000088817841970012523233890533447265625,&quot;sizes&quot;:[]},&quot;_transform_scale_effect_hover_tablet&quot;:{&quot;unit&quot;:&quot;px&quot;,&quot;size&quot;:&quot;&quot;,&quot;sizes&quot;:[]},&quot;_transform_scale_effect_hover_mobile&quot;:{&quot;unit&quot;:&quot;px&quot;,&quot;size&quot;:&quot;&quot;,&quot;sizes&quot;:[]}}\" data-widget_type=\"image.default\">\n\t\t\t\t<div class=\"elementor-widget-container\">\n\t\t\t\t\t\t\t\t\t\t\t\t\t\t\t<img fetchpriority=\"high\" decoding=\"async\" width=\"768\" height=\"512\" src=\"https:\/\/inkarricusco.com\/wp-content\/uploads\/2023\/09\/promociones-4-768x512.jpg\" class=\"attachment-medium_large size-medium_large wp-image-457\" alt=\"\" srcset=\"https:\/\/inkarricusco.com\/wp-content\/uploads\/2023\/09\/promociones-4-768x512.jpg 768w, https:\/\/inkarricusco.com\/wp-content\/uploads\/2023\/09\/promociones-4-480x320.jpg 480w, https:\/\/inkarricusco.com\/wp-content\/uploads\/2023\/09\/promociones-4.jpg 1024w\" sizes=\"(max-width: 768px) 100vw, 768px\" \/>\t\t\t\t\t\t\t\t\t\t\t\t\t\t\t<\/div>\n\t\t\t\t<\/div>\n\t\t\t\t<div class=\"elementor-element elementor-element-71112ae elementor-widget elementor-widget-text-editor\" data-id=\"71112ae\" data-element_type=\"widget\" data-e-type=\"widget\" data-widget_type=\"text-editor.default\">\n\t\t\t\t<div class=\"elementor-widget-container\">\n\t\t\t\t\t\t\t\t\t<h3><strong>FIN DE SEMANA EN INKARRI<\/strong><\/h3><p>DISFRUTA EN FAMILIA:<\/p><ul><li>Hasta 15% de dscto en nuestros hoteles.<\/li><li>Ni\u00f1os de hasta 10 a\u00f1os no pagan (m\u00e1x. 2 ni\u00f1os por habitaci\u00f3n).<\/li><li>Desayuno buffet.<\/li><li>Late Check out (sujeto a disponibilidad).<\/li><\/ul><p>DISFRUTA EN PAREJA:<\/p><ul><li>Hasta 15% de dscto en nuestros hoteles.<\/li><li>Alojamiento por 1 noche para 2 personas.<\/li><li>2 welcome drinks y canasta de frutas\/ o chocolates.<\/li><li>Late Check out (sujeto a disponibilidad).<\/li><\/ul>\t\t\t\t\t\t\t\t<\/div>\n\t\t\t\t<\/div>\n\t\t\t\t<\/div>\n\t\t<div class=\"elementor-element elementor-element-647d55e e-con-full e-flex e-con e-child\" data-id=\"647d55e\" data-element_type=\"container\" data-e-type=\"container\">\n\t\t\t\t<div class=\"elementor-element elementor-element-368a1b3 e-transform elementor-widget elementor-widget-image\" data-id=\"368a1b3\" data-element_type=\"widget\" data-e-type=\"widget\" data-settings=\"{&quot;_transform_scale_effect_hover&quot;:{&quot;unit&quot;:&quot;px&quot;,&quot;size&quot;:1.100000000000000088817841970012523233890533447265625,&quot;sizes&quot;:[]},&quot;_transform_scale_effect_hover_tablet&quot;:{&quot;unit&quot;:&quot;px&quot;,&quot;size&quot;:&quot;&quot;,&quot;sizes&quot;:[]},&quot;_transform_scale_effect_hover_mobile&quot;:{&quot;unit&quot;:&quot;px&quot;,&quot;size&quot;:&quot;&quot;,&quot;sizes&quot;:[]}}\" data-widget_type=\"image.default\">\n\t\t\t\t<div class=\"elementor-widget-container\">\n\t\t\t\t\t\t\t\t\t\t\t\t\t\t\t<img decoding=\"async\" width=\"768\" height=\"512\" src=\"https:\/\/inkarricusco.com\/wp-content\/uploads\/2023\/09\/promociones-5-768x512.jpg\" class=\"attachment-medium_large size-medium_large wp-image-456\" alt=\"\" srcset=\"https:\/\/inkarricusco.com\/wp-content\/uploads\/2023\/09\/promociones-5-768x512.jpg 768w, https:\/\/inkarricusco.com\/wp-content\/uploads\/2023\/09\/promociones-5-480x320.jpg 480w, https:\/\/inkarricusco.com\/wp-content\/uploads\/2023\/09\/promociones-5-1024x683.jpg 1024w, https:\/\/inkarricusco.com\/wp-content\/uploads\/2023\/09\/promociones-5-1536x1024.jpg 1536w, https:\/\/inkarricusco.com\/wp-content\/uploads\/2023\/09\/promociones-5.jpg 1920w\" sizes=\"(max-width: 768px) 100vw, 768px\" \/>\t\t\t\t\t\t\t\t\t\t\t\t\t\t\t<\/div>\n\t\t\t\t<\/div>\n\t\t\t\t<div class=\"elementor-element elementor-element-827cd17 elementor-widget elementor-widget-text-editor\" data-id=\"827cd17\" data-element_type=\"widget\" data-e-type=\"widget\" data-widget_type=\"text-editor.default\">\n\t\t\t\t<div class=\"elementor-widget-container\">\n\t\t\t\t\t\t\t\t\t<h3><strong>EXTIENDE TU ESTAD\u00cdA EN INKARRI<\/strong><\/h3><ul><li>Reserva 3 noches en alguno de nuestros hoteles y tienes la cuarta noche Libre.<\/li><li>De viernes a domingo, libre el lunes.<\/li><\/ul>\t\t\t\t\t\t\t\t<\/div>\n\t\t\t\t<\/div>\n\t\t\t\t<\/div>\n\t\t\t\t\t<\/div>\n\t\t\t\t<\/div>\n\t\t<div class=\"elementor-element elementor-element-c458878 e-flex e-con-boxed e-con e-parent\" data-id=\"c458878\" data-element_type=\"container\" data-e-type=\"container\">\n\t\t\t\t\t<div class=\"e-con-inner\">\n\t\t<div class=\"elementor-element elementor-element-372770d e-flex e-con-boxed e-con e-child\" data-id=\"372770d\" data-element_type=\"container\" data-e-type=\"container\">\n\t\t\t\t\t<div class=\"e-con-inner\">\n\t\t\t\t<div class=\"elementor-element elementor-element-baacb4a elementor-widget elementor-widget-text-editor\" data-id=\"baacb4a\" data-element_type=\"widget\" data-e-type=\"widget\" data-widget_type=\"text-editor.default\">\n\t\t\t\t<div class=\"elementor-widget-container\">\n\t\t\t\t\t\t\t\t\t<p><em>T\u00e9rminos y Condiciones<\/em><\/p><ul><li><em>Promociones v\u00e1lidas para reservar 2023. Solo para estad\u00edas de viernes a domingo dentro del periodo promocional. No incluye 24, 25, 31 de diciembre.<\/em><\/li><li><em>V\u00e1lida para reservar en www.inkarricusco.com, llamando al +51 84 242692 \/ 968 631 444 o escribiendo a info@inkarricusco.com.<\/em><\/li><li><em>Las personas domiciliadas en el Per\u00fa estar\u00e1n sujetas al pago del 18% del Impuesto General a las Ventas (IGV) al momento de realizar su Check-In en el Hotel, de acuerdo con la legislaci\u00f3n peruana.<\/em><\/li><li><em>Promoci\u00f3n v\u00e1lida para ni\u00f1os de hasta 09 a\u00f1os y m\u00e1ximo 2 ni\u00f1os por habitaci\u00f3n compartiendo cama con los padres. Todos los paquetes incluyen: Ingreso de hasta 2 ni\u00f1os gratis en habitaci\u00f3n doble y de hasta 09 a\u00f1os, late Check Out (sujeto a disponibilidad).<\/em><\/li><li><em>No v\u00e1lido en combinaci\u00f3n con otras promociones.<\/em><\/li><\/ul>\t\t\t\t\t\t\t\t<\/div>\n\t\t\t\t<\/div>\n\t\t\t\t\t<\/div>\n\t\t\t\t<\/div>\n\t\t\t\t\t<\/div>\n\t\t\t\t<\/div>\n\t\t\t\t<\/div>\n\t\t","protected":false},"excerpt":{"rendered":"<p>PROMOCIONES FIN DE SEMANA EN INKARRI DISFRUTA EN FAMILIA: Hasta 15% de dscto en nuestros hoteles. Ni\u00f1os de hasta 10 a\u00f1os no pagan (m\u00e1x. 2 ni\u00f1os por habitaci\u00f3n). Desayuno buffet. Late Check out (sujeto a disponibilidad). DISFRUTA EN PAREJA: Hasta 15% de dscto en nuestros hoteles. Alojamiento por 1 noche para 2 personas. 2 welcome [&hellip;]<\/p>\n","protected":false},"author":1,"featured_media":0,"parent":0,"menu_order":0,"comment_status":"closed","ping_status":"closed","template":"","meta":{"footnotes":""},"class_list":["post-1361","page","type-page","status-publish","hentry"],"_links":{"self":[{"href":"https:\/\/inkarricusco.com\/es\/wp-json\/wp\/v2\/pages\/1361","targetHints":{"allow":["GET"]}}],"collection":[{"href":"https:\/\/inkarricusco.com\/es\/wp-json\/wp\/v2\/pages"}],"about":[{"href":"https:\/\/inkarricusco.com\/es\/wp-json\/wp\/v2\/types\/page"}],"author":[{"embeddable":true,"href":"https:\/\/inkarricusco.com\/es\/wp-json\/wp\/v2\/users\/1"}],"replies":[{"embeddable":true,"href":"https:\/\/inkarricusco.com\/es\/wp-json\/wp\/v2\/comments?post=1361"}],"version-history":[{"count":4,"href":"https:\/\/inkarricusco.com\/es\/wp-json\/wp\/v2\/pages\/1361\/revisions"}],"predecessor-version":[{"id":1365,"href":"https:\/\/inkarricusco.com\/es\/wp-json\/wp\/v2\/pages\/1361\/revisions\/1365"}],"wp:attachment":[{"href":"https:\/\/inkarricusco.com\/es\/wp-json\/wp\/v2\/media?parent=1361"}],"curies":[{"name":"wp","href":"https:\/\/api.w.org\/{rel}","templated":true}]}}